{"id":1880,"date":"2022-06-17T09:44:59","date_gmt":"2022-06-17T09:44:59","guid":{"rendered":"https:\/\/grasslook.be\/product\/briseuse-de-gazon-artificiel\/"},"modified":"2026-03-10T15:39:23","modified_gmt":"2026-03-10T15:39:23","slug":"briseuse-de-gazon-artificiel","status":"publish","type":"product","link":"https:\/\/www.grasslook.be\/fr\/gazon-synthetique\/briseuse-de-gazon-artificiel\/","title":{"rendered":"Briseuse de gazon artificiel professionnelle"},"content":{"rendered":"<p>Sans aucun doute, un cutter de qualit\u00e9 robuste qui vous permet de d\u00e9couper le gazon synth\u00e9tique sans effort lorsque cela s\u2019av\u00e8re n\u00e9cessaire. Les lames de rechange disponibles \u00e0 la commande sont elles aussi de qualit\u00e9 professionnelle.<\/p>\n<p>&nbsp;<\/p>\n<p style=\"text-align: center;\"><strong>&#8211;&gt; <a href=\"https:\/\/www.grasslook.be\/fr\/acheter-du-gazon-synthetique\/\">D\u00e9couvrez la gamme actuelle de gazon synth\u00e9tique.<\/a><\/strong><\/p>\n<p>&nbsp;<\/p>\n<p style=\"text-align: center;\"><strong>&#8211;&gt; <a href=\"https:\/\/www.grasslook.be\/fr\/pose-de-gazon-synthetique\/\">Faites poser votre gazon synth\u00e9tique.<\/a><\/strong><\/p>\n<p>&nbsp;<\/p>\n<p style=\"text-align: center;\"><strong>&#8211;&gt; <a href=\"https:\/\/www.grasslook.be\/fr\/magasin-de-gazon-synthetique\/\">Venez visiter notre showroom.<\/a><\/strong><\/p>\n<p>&nbsp;<\/p>\n<p style=\"text-align: center;\"><strong>&#8211;&gt; <a href=\"https:\/\/www.grasslook.be\/fr\/echantillons-de-gazon-synthetique\/\">Demandez des \u00e9chantillons gratuits.<\/a><\/strong><\/p>\n<p>&nbsp;<\/p>\n","protected":false},"excerpt":{"rendered":"<p>Sans aucun doute, un coupeur de qualit\u00e9 solide avec lequel vous pouvez sans effort tailler le gazon artificiel si n\u00e9cessaire.<\/p>\n","protected":false},"featured_media":1342,"template":"","meta":{"_acf_changed":false},"product_brand":[],"product_cat":[47],"product_tag":[],"class_list":{"0":"post-1880","1":"product","2":"type-product","3":"status-publish","4":"has-post-thumbnail","6":"product_cat-accessoires-pour-gazon-synthetique","8":"first","9":"instock","10":"taxable","11":"shipping-taxable","12":"purchasable","13":"product-type-simple"},"acf":[],"_links":{"self":[{"href":"https:\/\/www.grasslook.be\/fr\/wp-json\/wp\/v2\/product\/1880","targetHints":{"allow":["GET"]}}],"collection":[{"href":"https:\/\/www.grasslook.be\/fr\/wp-json\/wp\/v2\/product"}],"about":[{"href":"https:\/\/www.grasslook.be\/fr\/wp-json\/wp\/v2\/types\/product"}],"version-history":[{"count":4,"href":"https:\/\/www.grasslook.be\/fr\/wp-json\/wp\/v2\/product\/1880\/revisions"}],"predecessor-version":[{"id":13661,"href":"https:\/\/www.grasslook.be\/fr\/wp-json\/wp\/v2\/product\/1880\/revisions\/13661"}],"wp:featuredmedia":[{"embeddable":true,"href":"https:\/\/www.grasslook.be\/fr\/wp-json\/wp\/v2\/media\/1342"}],"wp:attachment":[{"href":"https:\/\/www.grasslook.be\/fr\/wp-json\/wp\/v2\/media?parent=1880"}],"wp:term":[{"taxonomy":"product_brand","embeddable":true,"href":"https:\/\/www.grasslook.be\/fr\/wp-json\/wp\/v2\/product_brand?post=1880"},{"taxonomy":"product_cat","embeddable":true,"href":"https:\/\/www.grasslook.be\/fr\/wp-json\/wp\/v2\/product_cat?post=1880"},{"taxonomy":"product_tag","embeddable":true,"href":"https:\/\/www.grasslook.be\/fr\/wp-json\/wp\/v2\/product_tag?post=1880"}],"curies":[{"name":"wp","href":"https:\/\/api.w.org\/{rel}","templated":true}]}}